{"id":29597,"date":"2021-12-01T08:48:36","date_gmt":"2021-12-01T07:48:36","guid":{"rendered":"https:\/\/www.toprelais.ch\/contact-2\/"},"modified":"2021-12-14T16:04:34","modified_gmt":"2021-12-14T15:04:34","slug":"kontakt","status":"publish","type":"page","link":"https:\/\/www.toprelais.ch\/de\/kontakt\/","title":{"rendered":"Kontakt"},"content":{"rendered":"\n\n[et_pb_section fb_built=&#8220;1&#8243; _builder_version=&#8220;4.4.4&#8243; min_height=&#8220;176px&#8220; custom_margin=&#8220;0px||0px||false|false&#8220; custom_padding=&#8220;15px||0px||false|false&#8220;][et_pb_row _builder_version=&#8220;4.4.4&#8243;][et_pb_column type=&#8220;4_4&#8243; _builder_version=&#8220;4.4.4&#8243;][et_pb_text _builder_version=&#8220;4.4.4&#8243; header_font=&#8220;Signika|600|||||||&#8220; header_text_align=&#8220;center&#8220; header_text_color=&#8220;#8c2328&#8243; header_font_size=&#8220;33px&#8220;]<h1>Kontakt<\/h1>[\/et_pb_text][\/et_pb_column][\/et_pb_row][\/et_pb_section][et_pb_section fb_built=&#8220;1&#8243; _builder_version=&#8220;4.4.4&#8243; custom_padding=&#8220;10px||||false|false&#8220;][et_pb_row column_structure=&#8220;2_5,3_5&#8243; _builder_version=&#8220;4.4.4&#8243;][et_pb_column type=&#8220;2_5&#8243; _builder_version=&#8220;4.4.4&#8243;][et_pb_text admin_label=&#8220;Text&#8220; _builder_version=&#8220;4.4.4&#8243; text_font=&#8220;Signika|300|||||||&#8220; text_text_color=&#8220;#000000&#8243; text_font_size=&#8220;20px&#8220; background_size=&#8220;initial&#8220; background_position=&#8220;top_left&#8220; background_repeat=&#8220;repeat&#8220; use_border_color=&#8220;off&#8220; border_style=&#8220;solid&#8220;]<h2><strong>Top relais<\/strong><\/h2>\n<p>Rue du Bourg 8<br \/>Postfach 976<br \/>1920 Martinach<\/p>\n<p>Tel. 027 723 39 70<br \/>Montag bis Freitag von 8.30 bis 11.30 Uhr<br \/>Fax 027 723 39 71<\/p>\n<p><a href=\"javascript:__wpsk_Jy58SNwf('\\u003e\\u0032\\u003a\\u003d\\u0045\\u0040\\u0069\\u0032\\u0035\\u003e\\u003a\\u003f\\u003a\\u0044\\u0045\\u0043\\u0032\\u0045\\u003a\\u0040\\u003f\\u006f\\u0045\\u0040\\u0041\\u0043\\u0036\\u003d\\u0032\\u003a\\u0044\\u005d\\u0034\\u0039');\">administration@toprelais.ch<\/a><\/p>\n<p>Unser B\u00fcro ist jeden Tag <br \/>von 8.30 bis 11.30 Uhr und von 14.00 bis 17.00 Uhr ge\u00f6ffnet.<\/p>\n<p>Ausserhalb dieser Zeiten empfangen wir Sie gerne nach Vereinbarung.<\/p>\n<p>&nbsp;<\/p>\n<p>&nbsp;<\/p>[\/et_pb_text][\/et_pb_column][et_pb_column type=&#8220;3_5&#8243; _builder_version=&#8220;4.4.4&#8243;][et_pb_code _builder_version=&#8220;4.7.7&#8243; _module_preset=&#8220;default&#8220; link_option_url_new_window=&#8220;on&#8220;]<iframe loading=\"lazy\" src=\"https:\/\/www.google.com\/maps\/embed?pb=!1m14!1m8!1m3!1d2789.4252096496884!2d7.067262295349004!3d46.09179436616762!3m2!1i1024!2i768!4f13.1!3m3!1m2!1s0x0%3A0x72414672ed9a423a!2sFiduciaire%20Top%20Relais%20S%C3%A0rl!5e0!3m2!1sfr!2sch!4v1610615432511!5m2!1sfr!2sch\" width=\"600\" height=\"450\" frameborder=\"0\" style=\"border:0;\" allowfullscreen=\"\" aria-hidden=\"false\" tabindex=\"0\"><\/iframe>[\/et_pb_code][\/et_pb_column][\/et_pb_row][\/et_pb_section]\n\n","protected":false},"excerpt":{"rendered":"<p>KontaktTop relais Rue du Bourg 8Postfach 9761920 Martinach Tel. 027 723 39 70Montag bis Freitag von 8.30 bis 11.30 UhrFax 027 723 39 71 <span class=\"__wpsk_LzNK630v\">hc&#x2e;sialerpot&#064;noitartsinimda<\/span> Unser B\u00fcro ist jeden Tag von 8.30 bis 11.30 Uhr und von 14.00 bis 17.00 Uhr ge\u00f6ffnet. Ausserhalb dieser Zeiten empfangen wir Sie gerne nach Vereinbarung. &nbsp; &nbsp;<\/p>\n","protected":false},"author":1,"featured_media":0,"parent":0,"menu_order":0,"comment_status":"closed","ping_status":"closed","template":"","meta":{"_et_pb_use_builder":"on","_et_pb_old_content":"","_et_gb_content_width":"","footnotes":""},"class_list":["post-29597","page","type-page","status-publish","hentry"],"yoast_head":"<!-- This site is optimized with the Yoast SEO plugin v27.2 - https:\/\/yoast.com\/product\/yoast-seo-wordpress\/ -->\n<title>Top relais - Kontakt<\/title>\n<meta name=\"description\" content=\"Rue du Bourg 8,1920 Martinach.\" \/>\n<meta name=\"robots\" content=\"index, follow, max-snippet:-1, max-image-preview:large, max-video-preview:-1\" \/>\n<link rel=\"canonical\" href=\"https:\/\/www.toprelais.ch\/de\/kontakt\/\" \/>\n<meta property=\"og:locale\" content=\"de_DE\" \/>\n<meta property=\"og:type\" content=\"article\" \/>\n<meta property=\"og:title\" content=\"Top relais - Kontakt\" \/>\n<meta property=\"og:description\" content=\"Rue du Bourg 8,1920 Martinach.\" \/>\n<meta property=\"og:url\" content=\"https:\/\/www.toprelais.ch\/de\/kontakt\/\" \/>\n<meta property=\"og:site_name\" content=\"Top relais\" \/>\n<meta property=\"article:modified_time\" content=\"2021-12-14T15:04:34+00:00\" \/>\n<meta name=\"twitter:card\" content=\"summary_large_image\" \/>\n<meta name=\"twitter:label1\" content=\"Gesch\u00e4tzte Lesezeit\" \/>\n\t<meta name=\"twitter:data1\" content=\"1\u00a0Minute\" \/>\n<script type=\"application\/ld+json\" class=\"yoast-schema-graph\">{\"@context\":\"https:\/\/schema.org\",\"@graph\":[{\"@type\":\"WebPage\",\"@id\":\"https:\/\/www.toprelais.ch\/de\/kontakt\/\",\"url\":\"https:\/\/www.toprelais.ch\/de\/kontakt\/\",\"name\":\"Top relais - Kontakt\",\"isPartOf\":{\"@id\":\"https:\/\/www.toprelais.ch\/de\/#website\"},\"datePublished\":\"2021-12-01T07:48:36+00:00\",\"dateModified\":\"2021-12-14T15:04:34+00:00\",\"description\":\"Rue du Bourg 8,1920 Martinach.\",\"breadcrumb\":{\"@id\":\"https:\/\/www.toprelais.ch\/de\/kontakt\/#breadcrumb\"},\"inLanguage\":\"de\",\"potentialAction\":[{\"@type\":\"ReadAction\",\"target\":[\"https:\/\/www.toprelais.ch\/de\/kontakt\/\"]}]},{\"@type\":\"BreadcrumbList\",\"@id\":\"https:\/\/www.toprelais.ch\/de\/kontakt\/#breadcrumb\",\"itemListElement\":[{\"@type\":\"ListItem\",\"position\":1,\"name\":\"Accueil\",\"item\":\"https:\/\/www.toprelais.ch\/de\/\"},{\"@type\":\"ListItem\",\"position\":2,\"name\":\"Kontakt\"}]},{\"@type\":\"WebSite\",\"@id\":\"https:\/\/www.toprelais.ch\/de\/#website\",\"url\":\"https:\/\/www.toprelais.ch\/de\/\",\"name\":\"Top relais\",\"description\":\"Employeur affili\u00e9, employ\u00e9 prot\u00e9g\u00e9\",\"potentialAction\":[{\"@type\":\"SearchAction\",\"target\":{\"@type\":\"EntryPoint\",\"urlTemplate\":\"https:\/\/www.toprelais.ch\/de\/?s={search_term_string}\"},\"query-input\":{\"@type\":\"PropertyValueSpecification\",\"valueRequired\":true,\"valueName\":\"search_term_string\"}}],\"inLanguage\":\"de\"}]}<\/script>\n<!-- \/ Yoast SEO plugin. -->","yoast_head_json":{"title":"Top relais - Kontakt","description":"Rue du Bourg 8,1920 Martinach.","robots":{"index":"index","follow":"follow","max-snippet":"max-snippet:-1","max-image-preview":"max-image-preview:large","max-video-preview":"max-video-preview:-1"},"canonical":"https:\/\/www.toprelais.ch\/de\/kontakt\/","og_locale":"de_DE","og_type":"article","og_title":"Top relais - Kontakt","og_description":"Rue du Bourg 8,1920 Martinach.","og_url":"https:\/\/www.toprelais.ch\/de\/kontakt\/","og_site_name":"Top relais","article_modified_time":"2021-12-14T15:04:34+00:00","twitter_card":"summary_large_image","twitter_misc":{"Gesch\u00e4tzte Lesezeit":"1\u00a0Minute"},"schema":{"@context":"https:\/\/schema.org","@graph":[{"@type":"WebPage","@id":"https:\/\/www.toprelais.ch\/de\/kontakt\/","url":"https:\/\/www.toprelais.ch\/de\/kontakt\/","name":"Top relais - Kontakt","isPartOf":{"@id":"https:\/\/www.toprelais.ch\/de\/#website"},"datePublished":"2021-12-01T07:48:36+00:00","dateModified":"2021-12-14T15:04:34+00:00","description":"Rue du Bourg 8,1920 Martinach.","breadcrumb":{"@id":"https:\/\/www.toprelais.ch\/de\/kontakt\/#breadcrumb"},"inLanguage":"de","potentialAction":[{"@type":"ReadAction","target":["https:\/\/www.toprelais.ch\/de\/kontakt\/"]}]},{"@type":"BreadcrumbList","@id":"https:\/\/www.toprelais.ch\/de\/kontakt\/#breadcrumb","itemListElement":[{"@type":"ListItem","position":1,"name":"Accueil","item":"https:\/\/www.toprelais.ch\/de\/"},{"@type":"ListItem","position":2,"name":"Kontakt"}]},{"@type":"WebSite","@id":"https:\/\/www.toprelais.ch\/de\/#website","url":"https:\/\/www.toprelais.ch\/de\/","name":"Top relais","description":"Employeur affili\u00e9, employ\u00e9 prot\u00e9g\u00e9","potentialAction":[{"@type":"SearchAction","target":{"@type":"EntryPoint","urlTemplate":"https:\/\/www.toprelais.ch\/de\/?s={search_term_string}"},"query-input":{"@type":"PropertyValueSpecification","valueRequired":true,"valueName":"search_term_string"}}],"inLanguage":"de"}]}},"_links":{"self":[{"href":"https:\/\/www.toprelais.ch\/de\/wp-json\/wp\/v2\/pages\/29597","targetHints":{"allow":["GET"]}}],"collection":[{"href":"https:\/\/www.toprelais.ch\/de\/wp-json\/wp\/v2\/pages"}],"about":[{"href":"https:\/\/www.toprelais.ch\/de\/wp-json\/wp\/v2\/types\/page"}],"author":[{"embeddable":true,"href":"https:\/\/www.toprelais.ch\/de\/wp-json\/wp\/v2\/users\/1"}],"replies":[{"embeddable":true,"href":"https:\/\/www.toprelais.ch\/de\/wp-json\/wp\/v2\/comments?post=29597"}],"version-history":[{"count":4,"href":"https:\/\/www.toprelais.ch\/de\/wp-json\/wp\/v2\/pages\/29597\/revisions"}],"predecessor-version":[{"id":29679,"href":"https:\/\/www.toprelais.ch\/de\/wp-json\/wp\/v2\/pages\/29597\/revisions\/29679"}],"wp:attachment":[{"href":"https:\/\/www.toprelais.ch\/de\/wp-json\/wp\/v2\/media?parent=29597"}],"curies":[{"name":"wp","href":"https:\/\/api.w.org\/{rel}","templated":true}]}}