{"id":29612,"date":"2021-12-01T15:23:47","date_gmt":"2021-12-01T14:23:47","guid":{"rendered":"https:\/\/www.toprelais.ch\/qui-sommes-nous\/"},"modified":"2026-03-17T11:52:07","modified_gmt":"2026-03-17T10:52:07","slug":"uber-uns","status":"publish","type":"page","link":"https:\/\/www.toprelais.ch\/de\/uber-uns\/","title":{"rendered":"\u00dcber uns"},"content":{"rendered":"<p>[et_pb_section fb_built=&#8220;1&#8243; _builder_version=&#8220;4.16&#8243; global_colors_info=&#8220;{}&#8220;][et_pb_row _builder_version=&#8220;4.16&#8243; global_colors_info=&#8220;{}&#8220;][et_pb_column type=&#8220;4_4&#8243; _builder_version=&#8220;4.16&#8243; global_colors_info=&#8220;{}&#8220;][et_pb_text _builder_version=&#8220;4.16&#8243; header_font=&#8220;Signika|600|||||||&#8220; header_text_align=&#8220;center&#8220; header_text_color=&#8220;#8c2328&#8243; header_font_size=&#8220;33px&#8220; global_colors_info=&#8220;{}&#8220;]<\/p>\n<h1>\u00dcber uns<\/h1>\n<p>[\/et_pb_text][\/et_pb_column][\/et_pb_row][\/et_pb_section][et_pb_section fb_built=&#8220;1&#8243; _builder_version=&#8220;4.16&#8243; min_height=&#8220;206px&#8220; custom_margin=&#8220;0px||||false|false&#8220; global_colors_info=&#8220;{}&#8220;][et_pb_row column_structure=&#8220;3_5,2_5&#8243; _builder_version=&#8220;4.16&#8243; global_colors_info=&#8220;{}&#8220;][et_pb_column type=&#8220;3_5&#8243; _builder_version=&#8220;4.16&#8243; global_colors_info=&#8220;{}&#8220;][et_pb_text _builder_version=&#8220;4.16&#8243; text_font=&#8220;Signika|300|||||||&#8220; text_text_color=&#8220;#000000&#8243; text_font_size=&#8220;18px&#8220; text_line_height=&#8220;1.8em&#8220; header_2_font=&#8220;Signika|600|||||||&#8220; header_2_text_color=&#8220;#8c2328&#8243; global_colors_info=&#8220;{}&#8220;]<\/p>\n<h2>Organisation<\/h2>\n<p>Top Relais ist eine <strong>nicht gewinnorientierte<\/strong>, gemeinn\u00fctzige Gesellschaft mit beschr\u00e4nkter Haftung (GmbH). Sie sch\u00fcttet keine Dividenden an ihre Eigent\u00fcmerinnen und Eigent\u00fcmer aus, zu denen allen voran auch die Gemeinde Martinach (50 %) geh\u00f6rt.<\/p>\n<p>Top Relais ist an die Ausgleichskasse des Kantons Wallis angeschlossen und <strong>f\u00fcr den ganzen Kanton<\/strong>, also auch f\u00fcr das Oberwallis, zust\u00e4ndig. Das Unternehmen z\u00e4hlt derzeit mehr als 2500 Kundinnen und Kunden, d. h. angeschlossene Arbeitgebende, und verwaltet rund 18 Millionen Franken L\u00f6hne pro Jahr.<\/p>\n<p>&nbsp;<\/p>\n<h3><strong>Unterst\u00fctzung f\u00fcr Arbeitnehmende und Arbeitgebende<\/strong><\/h3>\n<p>Top Relais wurde Ende der 1990er-Jahre in Martinach mit zwei Zielen gegr\u00fcndet. Zum einen soll <strong>einer oft benachteiligten Bev\u00f6lkerungsgruppe der<\/strong> <strong>Zugang zu sozialen Rechten erleichtert<\/strong> <strong>werden<\/strong>, indem Schwarzarbeit, deren Wert im Kanton in allen Branchen zusammen auf 1 Milliarde Franken (!) gesch\u00e4tzt wird, und die Uberisierung des Hausdienstbereichs bek\u00e4mpft werden sollen.<\/p>\n<p>Zum anderen will Top Relais einer Privatperson oder einem Verein die M\u00f6glichkeit geben, eine Person ganz legal f\u00fcr ein paar Arbeitsstunden zu besch\u00e4ftigen, <strong>ohne sich um die damit verbundenen administrativen T\u00e4tigkeiten k\u00fcmmern zu m\u00fcssen<\/strong>.<\/p>\n<p>[\/et_pb_text][\/et_pb_column][et_pb_column type=&#8220;2_5&#8243; _builder_version=&#8220;4.16&#8243; global_colors_info=&#8220;{}&#8220;][et_pb_text _builder_version=&#8220;4.16&#8243; text_font=&#8220;Signika||||||||&#8220; text_text_color=&#8220;#000000&#8243; text_font_size=&#8220;20px&#8220; text_line_height=&#8220;1.8em&#8220; header_2_font=&#8220;Signika|600|||||||&#8220; header_2_text_color=&#8220;#8c2328&#8243; header_3_text_color=&#8220;#000000&#8243; header_4_font=&#8220;|700|||||||&#8220; header_4_text_color=&#8220;#8c2328&#8243; header_4_font_size=&#8220;22px&#8220; header_4_line_height=&#8220;2em&#8220; background_color=&#8220;#f2f2f2&#8243; custom_padding=&#8220;40px|40px|40px|40px|false|false&#8220; animation_style=&#8220;bounce&#8220; animation_direction=&#8220;right&#8220; border_style_all=&#8220;none&#8220; border_color_top=&#8220;#8c2328&#8243; border_style_top=&#8220;none&#8220; border_width_left=&#8220;4px&#8220; border_color_left=&#8220;#a53c34&#8243; border_style_left=&#8220;solid&#8220; box_shadow_style=&#8220;preset3&#8243; box_shadow_blur=&#8220;12px&#8220; box_shadow_spread=&#8220;-16px&#8220; global_colors_info=&#8220;{}&#8220;]<\/p>\n<h4><strong><span style=\"font-size: 40px;\"><i class=\"far fa-flag\"><\/i><\/span><br \/>\nEine Vorreiterrolle<\/strong><\/h4>\n<p>Top Relais leistete Pionierarbeit, denn gleich nach seiner Schaffung wurden mehrere \u00e4hnliche Organisationen nacheinander in den Kantonen Waadt, Genf, Freiburg, Neuenburg, Jura und j\u00fcngst auch im Tessin ins Leben gerufen. Das Service-Check-System wird von einer Vereinigung von Vertreterinnen und Vertretern dieser Organisationen koordiniert.[\/et_pb_text][\/et_pb_column][\/et_pb_row][\/et_pb_section][et_pb_section fb_built=&#8220;1&#8243; admin_label=&#8220;Service Section&#8220; _builder_version=&#8220;4.16&#8243; background_color=&#8220;#f7f7f7&#8243; min_height=&#8220;917px&#8220; custom_margin=&#8220;|||&#8220; custom_padding=&#8220;110px||23px|||&#8220; global_colors_info=&#8220;{}&#8220;][et_pb_row _builder_version=&#8220;4.16&#8243; global_colors_info=&#8220;{}&#8220;][et_pb_column type=&#8220;4_4&#8243; _builder_version=&#8220;4.16&#8243; global_colors_info=&#8220;{}&#8220;][et_pb_text _builder_version=&#8220;4.16&#8243; header_2_font=&#8220;Signika|600|||||||&#8220; header_2_text_color=&#8220;#8c2328&#8243; global_colors_info=&#8220;{}&#8220;]<\/p>\n<h2 style=\"text-align: center;\">Vorteile<\/h2>\n<p>[\/et_pb_text][et_pb_text _builder_version=&#8220;4.16&#8243; text_font=&#8220;Signika||||||||&#8220; text_text_color=&#8220;#8c2328&#8243; text_font_size=&#8220;20px&#8220; text_line_height=&#8220;1.75em&#8220; header_2_font=&#8220;Signika|600|||||||&#8220; header_2_text_color=&#8220;#8c2328&#8243; header_2_line_height=&#8220;1.2em&#8220; text_orientation=&#8220;center&#8220; custom_padding=&#8220;|80px|0px|80px|false|false&#8220; custom_padding_tablet=&#8220;|60px||60px|false|false&#8220; custom_padding_phone=&#8220;|10px||10px|false|false&#8220; custom_padding_last_edited=&#8220;on|tablet&#8220; global_colors_info=&#8220;{}&#8220;]<\/p>\n<p>Die Kundenn\u00e4he steht im Zentrum unseres Ansatzes. Bei Top Relais sind die Kundinnen und Kunden keine Nummern, sondern Menschen mit unterschiedlichen Bed\u00fcrfnissen. Deshalb sind unsere Dienstleistungen flexibel und individuell. Damit niemand aussen vor gelassen wird.<\/p>\n<p>[\/et_pb_text][\/et_pb_column][\/et_pb_row][et_pb_row column_structure=&#8220;1_2,1_2&#8243; make_equal=&#8220;on&#8220; admin_label=&#8220;Services&#8220; _builder_version=&#8220;4.16&#8243; background_size=&#8220;initial&#8220; background_position=&#8220;top_left&#8220; background_repeat=&#8220;repeat&#8220; custom_padding=&#8220;28px||25px|||&#8220; global_colors_info=&#8220;{}&#8220;][et_pb_column type=&#8220;1_2&#8243; _builder_version=&#8220;4.16&#8243; custom_padding=&#8220;|||&#8220; global_colors_info=&#8220;{}&#8220; custom_padding__hover=&#8220;|||&#8220;][et_pb_text _builder_version=&#8220;4.16&#8243; text_font=&#8220;Signika|300|||||||&#8220; text_text_color=&#8220;#000000&#8243; text_font_size=&#8220;20px&#8220; text_line_height=&#8220;1.8em&#8220; ul_line_height=&#8220;1.8em&#8220; global_colors_info=&#8220;{}&#8220;]<\/p>\n<p><strong><span>Unsere St\u00e4rken<\/span><\/strong><\/p>\n<ul>\n<li>Die kosteng\u00fcnstigsten Dienstleistungen<\/li>\n<li>\u00dcber zwanzig Jahre Erfahrung<\/li>\n<li>L\u00f6hne gem\u00e4ss Normalarbeitsvertrag f\u00fcr hauswirtschaftliche Arbeitnehmer<\/li>\n<li>Breiterer Versicherungsschutz (KTGV, BVG ab Eintrittsschwelle)<\/li>\n<li>Lohngarantie gem\u00e4ss Bundesverordnung (Ablehnung von L\u00f6hnen unter dem gesetzlichen Minimum)<\/li>\n<li>Entlastung der Arbeitgebenden von administrativen Aufgaben<\/li>\n<li>Wahl zwischen Online- und Offline-Verwaltung<\/li>\n<li>Nicht gewinnorientierte Organisation<\/li>\n<li>Anlauf- und Beratungsstelle<\/li>\n<\/ul>\n<p>[\/et_pb_text][\/et_pb_column][et_pb_column type=&#8220;1_2&#8243; _builder_version=&#8220;4.16&#8243; custom_padding=&#8220;|||&#8220; global_colors_info=&#8220;{}&#8220; custom_padding__hover=&#8220;|||&#8220;][et_pb_text _builder_version=&#8220;4.16&#8243; text_font=&#8220;Signika|300|||||||&#8220; text_text_color=&#8220;#000000&#8243; text_font_size=&#8220;20px&#8220; text_line_height=&#8220;1.8em&#8220; ul_line_height=&#8220;1.8em&#8220; global_colors_info=&#8220;{}&#8220;]<\/p>\n<p><strong><span>Unsere Ziele<\/span><\/strong><\/p>\n<ul>\n<li>Verbesserung der Arbeitsbedingungen im Bereich der Hauswirtschaft<\/li>\n<li>Bek\u00e4mpfung von Schwarzarbeit und Lohndumping<\/li>\n<li>Vermeidung der Uberisierung des Sektors<\/li>\n<li>Schutz der Arbeitnehmenden<\/li>\n<li>\u00dcbernahme von sozialer Verantwortung<\/li>\n<li>Erbringung gemeinn\u00fctziger Dienstleistungen f\u00fcr die Gesellschaft<\/li>\n<\/ul>\n<p>[\/et_pb_text][\/et_pb_column][\/et_pb_row][\/et_pb_section][et_pb_section fb_built=&#8220;1&#8243; admin_label=&#8220;Service Section&#8220; _builder_version=&#8220;4.16&#8243; background_color=&#8220;#ffffff&#8220; min_height=&#8220;767px&#8220; custom_margin=&#8220;|||&#8220; custom_padding=&#8220;61px||110px|||&#8220; global_colors_info=&#8220;{}&#8220;][et_pb_row _builder_version=&#8220;4.16&#8243; global_colors_info=&#8220;{}&#8220;][et_pb_column type=&#8220;4_4&#8243; _builder_version=&#8220;4.16&#8243; global_colors_info=&#8220;{}&#8220;][et_pb_text _builder_version=&#8220;4.16&#8243; text_font=&#8220;Signika||||||||&#8220; text_text_color=&#8220;#8c2328&#8243; text_font_size=&#8220;20px&#8220; text_line_height=&#8220;1.75em&#8220; header_2_font=&#8220;Signika|600|||||||&#8220; header_2_text_color=&#8220;#8c2328&#8243; header_2_line_height=&#8220;1.2em&#8220; text_orientation=&#8220;center&#8220; custom_padding=&#8220;|80px|0px|80px|false|false&#8220; custom_padding_tablet=&#8220;|60px||60px|false|false&#8220; custom_padding_phone=&#8220;|10px|0px|10px|false|false&#8220; custom_padding_last_edited=&#8220;on|tablet&#8220; global_colors_info=&#8220;{}&#8220;]<\/p>\n<h2 style=\"text-align: center;\">Partner<\/h2>\n<p>Top Relais arbeitet eng mit einer Reihe von Organisationen und Verb\u00e4nden zusammen.[\/et_pb_text][\/et_pb_column][\/et_pb_row][et_pb_row column_structure=&#8220;1_2,1_2&#8243; _builder_version=&#8220;4.16&#8243; global_colors_info=&#8220;{}&#8220;][et_pb_column type=&#8220;1_2&#8243; _builder_version=&#8220;4.16&#8243; global_colors_info=&#8220;{}&#8220;][et_pb_text _builder_version=&#8220;4.16&#8243; text_font=&#8220;Signika|300|||||||&#8220; text_text_color=&#8220;#000000&#8243; text_font_size=&#8220;16px&#8220; text_line_height=&#8220;1.8em&#8220; global_colors_info=&#8220;{}&#8220;]<span><a href=\"https:\/\/www.vs.ch\/de\/web\/avs\" target=\"_blank\" rel=\"noopener noreferrer\">Ausgleichskasse des Kantons Wallis <\/a><\/span><span>\u00a0<\/span><\/p>\n<p><span>Walliser Vereinigung der sozialmedizinischen Zentren <a href=\"https:\/\/www.cms-smz.ch\/hilfe-pflege-hause\/mein-finden.html\" target=\"_blank\" rel=\"noopener noreferrer\">(SMZ)<\/a><\/span><\/p>\n<p><span><a href=\"https:\/\/www.vs.ch\/de\/web\/cch\" target=\"_blank\" rel=\"noopener noreferrer\">Kantonale Arbeitslosenkasse<\/a><\/span><\/p>\n<p><span><a href=\"https:\/\/www.caisse-chomage.ch\/\" target=\"_blank\" rel=\"noopener noreferrer\">Arbeitslosenkasse OCS<\/a><\/span><span>\u00a0<\/span><\/p>\n<p><span><a href=\"https:\/\/www.caisse-chomage.ch\/\" target=\"_blank\" rel=\"noopener noreferrer\">Arbeitslosenkasse UNIA<\/a><\/span><\/p>\n<p><span><a href=\"https:\/\/www.suva.ch\/de-ch?lang=de-CH\" target=\"_blank\" rel=\"noopener noreferrer\">Suva<\/a>: Pr\u00e4vention, Unfall, Versicherung <\/span><span>\u00a0<\/span><\/p>\n<p><span><a href=\"https:\/\/www.vs.ch\/de\/web\/spt\" target=\"_blank\" rel=\"noopener noreferrer\">Dienststelle f\u00fcr Arbeitnehmerschutz und Arbeitsverh\u00e4ltnisse<\/a><\/span><\/p>\n<p><span><a href=\"https:\/\/www.vs.ch\/de\/web\/sict\" target=\"_blank\" rel=\"noopener noreferrer\">Dienststelle f\u00fcr Industrie, Handel und Arbeit<\/a><\/span><span>\u00a0<\/span><\/p>\n<p><span><a href=\"https:\/\/www.vs.ch\/de\/web\/scc\" target=\"_blank\" rel=\"noopener noreferrer\">Kantonale Steuerverwaltung<\/a><\/span><span>\u00a0<\/span><\/p>\n<p><span><a href=\"https:\/\/www.martigny.ch\/\" target=\"_blank\" rel=\"noopener noreferrer\"><\/a><\/span>[\/et_pb_text][\/et_pb_column][et_pb_column type=&#8220;1_2&#8243; _builder_version=&#8220;4.16&#8243; global_colors_info=&#8220;{}&#8220;][et_pb_text _builder_version=&#8220;4.16&#8243; text_font=&#8220;Signika|300|||||||&#8220; text_text_color=&#8220;#000000&#8243; text_font_size=&#8220;16px&#8220; text_line_height=&#8220;1.8em&#8220; global_colors_info=&#8220;{}&#8220;]<span>Regionale Arbeitsvermittlungszentren <a href=\"https:\/\/www.vs.ch\/de\/web\/sict\/arbeitsvermittlungszentren\" target=\"_blank\" rel=\"noopener noreferrer\">(RAV)<\/a><\/span><\/p>\n<p><span><a href=\"https:\/\/www.aivs.ch\/de\/homepage.html\" target=\"_blank\" rel=\"noopener noreferrer\">Kantonale IV-Stelle Wallis<\/a><\/span><\/p>\n<p><span><a href=\"https:\/\/www.cheques-emploi-suisse.ch\/?lang=de\" target=\"_blank\" rel=\"noopener noreferrer\">Service-Check Schweiz <\/a><\/span><span>\u00a0<\/span><\/p>\n<p><span><a href=\"http:\/\/cerebral-vs.ch\/\" target=\"_blank\" rel=\"noopener noreferrer\">Vereinigung Cerebral Wallis<\/a><\/span><\/p>\n<p><span><a href=\"https:\/\/www.proches-aidants-valais.ch\/de\/dom-161.html\" target=\"_blank\" rel=\"noopener noreferrer\">A Dom<\/a>, Vereinigung Betreuende Angeh\u00f6rige Wallis<\/span><\/p>\n<p><span><a href=\"https:\/\/www.prosenectute.ch\/de.html\" target=\"_blank\" rel=\"noopener noreferrer\">Pro Senectute<\/a><\/span><\/p>\n<p><span><a href=\"https:\/\/www.emera.ch\/stiftung\/homepage.html\" target=\"_blank\" rel=\"noopener noreferrer\">Stiftung Emera <\/a><\/span><span>\u00a0<\/span><\/p>\n<p><span><a href=\"https:\/\/www.martigny.ch\/\" target=\"_blank\" rel=\"noopener noreferrer\">Gemeinde Martinach<\/a><\/span>[\/et_pb_text][\/et_pb_column][\/et_pb_row][\/et_pb_section]<\/p>\n","protected":false},"excerpt":{"rendered":"<p>\u00dcber unsOrganisation Top Relais ist eine nicht gewinnorientierte, gemeinn\u00fctzige Gesellschaft mit beschr\u00e4nkter Haftung (GmbH). Sie sch\u00fcttet keine Dividenden an ihre Eigent\u00fcmerinnen und Eigent\u00fcmer aus, zu denen allen voran auch die Gemeinde Martinach (50 %) geh\u00f6rt. Top Relais ist an die Ausgleichskasse des Kantons Wallis angeschlossen und f\u00fcr den ganzen Kanton, also auch f\u00fcr das Oberwallis, [&hellip;]<\/p>\n","protected":false},"author":1,"featured_media":0,"parent":0,"menu_order":0,"comment_status":"closed","ping_status":"closed","template":"","meta":{"_et_pb_use_builder":"on","_et_pb_old_content":"","_et_gb_content_width":"","footnotes":""},"class_list":["post-29612","page","type-page","status-publish","hentry"],"yoast_head":"<!-- This site is optimized with the Yoast SEO plugin v27.5 - https:\/\/yoast.com\/product\/yoast-seo-wordpress\/ -->\n<title>Top relais - \u00dcber uns<\/title>\n<meta name=\"description\" content=\"Top Relais wurde Ende der 1990er-Jahre in Martinach mit zwei Zielen gegr\u00fcndet. Top Relais ist eine nicht gewinnorientierte, gemeinn\u00fctzige Gesellschaft mit beschr\u00e4nkter Haftung (GmbH).\" \/>\n<meta name=\"robots\" content=\"index, follow, max-snippet:-1, max-image-preview:large, max-video-preview:-1\" \/>\n<link rel=\"canonical\" href=\"https:\/\/www.toprelais.ch\/de\/uber-uns\/\" \/>\n<meta property=\"og:locale\" content=\"de_DE\" \/>\n<meta property=\"og:type\" content=\"article\" \/>\n<meta property=\"og:title\" content=\"Top relais - \u00dcber uns\" \/>\n<meta property=\"og:description\" content=\"Top Relais wurde Ende der 1990er-Jahre in Martinach mit zwei Zielen gegr\u00fcndet. Top Relais ist eine nicht gewinnorientierte, gemeinn\u00fctzige Gesellschaft mit beschr\u00e4nkter Haftung (GmbH).\" \/>\n<meta property=\"og:url\" content=\"https:\/\/www.toprelais.ch\/de\/uber-uns\/\" \/>\n<meta property=\"og:site_name\" content=\"Top relais\" \/>\n<meta property=\"article:modified_time\" content=\"2026-03-17T10:52:07+00:00\" \/>\n<meta name=\"twitter:card\" content=\"summary_large_image\" \/>\n<meta name=\"twitter:label1\" content=\"Gesch\u00e4tzte Lesezeit\" \/>\n\t<meta name=\"twitter:data1\" content=\"3\u00a0Minuten\" \/>\n<script type=\"application\/ld+json\" class=\"yoast-schema-graph\">{\"@context\":\"https:\\\/\\\/schema.org\",\"@graph\":[{\"@type\":\"WebPage\",\"@id\":\"https:\\\/\\\/www.toprelais.ch\\\/de\\\/uber-uns\\\/\",\"url\":\"https:\\\/\\\/www.toprelais.ch\\\/de\\\/uber-uns\\\/\",\"name\":\"Top relais - \u00dcber uns\",\"isPartOf\":{\"@id\":\"https:\\\/\\\/www.toprelais.ch\\\/de\\\/#website\"},\"datePublished\":\"2021-12-01T14:23:47+00:00\",\"dateModified\":\"2026-03-17T10:52:07+00:00\",\"description\":\"Top Relais wurde Ende der 1990er-Jahre in Martinach mit zwei Zielen gegr\u00fcndet. Top Relais ist eine nicht gewinnorientierte, gemeinn\u00fctzige Gesellschaft mit beschr\u00e4nkter Haftung (GmbH).\",\"breadcrumb\":{\"@id\":\"https:\\\/\\\/www.toprelais.ch\\\/de\\\/uber-uns\\\/#breadcrumb\"},\"inLanguage\":\"de\",\"potentialAction\":[{\"@type\":\"ReadAction\",\"target\":[\"https:\\\/\\\/www.toprelais.ch\\\/de\\\/uber-uns\\\/\"]}]},{\"@type\":\"BreadcrumbList\",\"@id\":\"https:\\\/\\\/www.toprelais.ch\\\/de\\\/uber-uns\\\/#breadcrumb\",\"itemListElement\":[{\"@type\":\"ListItem\",\"position\":1,\"name\":\"Accueil\",\"item\":\"https:\\\/\\\/www.toprelais.ch\\\/de\\\/\"},{\"@type\":\"ListItem\",\"position\":2,\"name\":\"\u00dcber uns\"}]},{\"@type\":\"WebSite\",\"@id\":\"https:\\\/\\\/www.toprelais.ch\\\/de\\\/#website\",\"url\":\"https:\\\/\\\/www.toprelais.ch\\\/de\\\/\",\"name\":\"Top relais\",\"description\":\"Employeur affili\u00e9, employ\u00e9 prot\u00e9g\u00e9\",\"potentialAction\":[{\"@type\":\"SearchAction\",\"target\":{\"@type\":\"EntryPoint\",\"urlTemplate\":\"https:\\\/\\\/www.toprelais.ch\\\/de\\\/?s={search_term_string}\"},\"query-input\":{\"@type\":\"PropertyValueSpecification\",\"valueRequired\":true,\"valueName\":\"search_term_string\"}}],\"inLanguage\":\"de\"}]}<\/script>\n<!-- \/ Yoast SEO plugin. -->","yoast_head_json":{"title":"Top relais - \u00dcber uns","description":"Top Relais wurde Ende der 1990er-Jahre in Martinach mit zwei Zielen gegr\u00fcndet. Top Relais ist eine nicht gewinnorientierte, gemeinn\u00fctzige Gesellschaft mit beschr\u00e4nkter Haftung (GmbH).","robots":{"index":"index","follow":"follow","max-snippet":"max-snippet:-1","max-image-preview":"max-image-preview:large","max-video-preview":"max-video-preview:-1"},"canonical":"https:\/\/www.toprelais.ch\/de\/uber-uns\/","og_locale":"de_DE","og_type":"article","og_title":"Top relais - \u00dcber uns","og_description":"Top Relais wurde Ende der 1990er-Jahre in Martinach mit zwei Zielen gegr\u00fcndet. Top Relais ist eine nicht gewinnorientierte, gemeinn\u00fctzige Gesellschaft mit beschr\u00e4nkter Haftung (GmbH).","og_url":"https:\/\/www.toprelais.ch\/de\/uber-uns\/","og_site_name":"Top relais","article_modified_time":"2026-03-17T10:52:07+00:00","twitter_card":"summary_large_image","twitter_misc":{"Gesch\u00e4tzte Lesezeit":"3\u00a0Minuten"},"schema":{"@context":"https:\/\/schema.org","@graph":[{"@type":"WebPage","@id":"https:\/\/www.toprelais.ch\/de\/uber-uns\/","url":"https:\/\/www.toprelais.ch\/de\/uber-uns\/","name":"Top relais - \u00dcber uns","isPartOf":{"@id":"https:\/\/www.toprelais.ch\/de\/#website"},"datePublished":"2021-12-01T14:23:47+00:00","dateModified":"2026-03-17T10:52:07+00:00","description":"Top Relais wurde Ende der 1990er-Jahre in Martinach mit zwei Zielen gegr\u00fcndet. Top Relais ist eine nicht gewinnorientierte, gemeinn\u00fctzige Gesellschaft mit beschr\u00e4nkter Haftung (GmbH).","breadcrumb":{"@id":"https:\/\/www.toprelais.ch\/de\/uber-uns\/#breadcrumb"},"inLanguage":"de","potentialAction":[{"@type":"ReadAction","target":["https:\/\/www.toprelais.ch\/de\/uber-uns\/"]}]},{"@type":"BreadcrumbList","@id":"https:\/\/www.toprelais.ch\/de\/uber-uns\/#breadcrumb","itemListElement":[{"@type":"ListItem","position":1,"name":"Accueil","item":"https:\/\/www.toprelais.ch\/de\/"},{"@type":"ListItem","position":2,"name":"\u00dcber uns"}]},{"@type":"WebSite","@id":"https:\/\/www.toprelais.ch\/de\/#website","url":"https:\/\/www.toprelais.ch\/de\/","name":"Top relais","description":"Employeur affili\u00e9, employ\u00e9 prot\u00e9g\u00e9","potentialAction":[{"@type":"SearchAction","target":{"@type":"EntryPoint","urlTemplate":"https:\/\/www.toprelais.ch\/de\/?s={search_term_string}"},"query-input":{"@type":"PropertyValueSpecification","valueRequired":true,"valueName":"search_term_string"}}],"inLanguage":"de"}]}},"_links":{"self":[{"href":"https:\/\/www.toprelais.ch\/de\/wp-json\/wp\/v2\/pages\/29612","targetHints":{"allow":["GET"]}}],"collection":[{"href":"https:\/\/www.toprelais.ch\/de\/wp-json\/wp\/v2\/pages"}],"about":[{"href":"https:\/\/www.toprelais.ch\/de\/wp-json\/wp\/v2\/types\/page"}],"author":[{"embeddable":true,"href":"https:\/\/www.toprelais.ch\/de\/wp-json\/wp\/v2\/users\/1"}],"replies":[{"embeddable":true,"href":"https:\/\/www.toprelais.ch\/de\/wp-json\/wp\/v2\/comments?post=29612"}],"version-history":[{"count":6,"href":"https:\/\/www.toprelais.ch\/de\/wp-json\/wp\/v2\/pages\/29612\/revisions"}],"predecessor-version":[{"id":29904,"href":"https:\/\/www.toprelais.ch\/de\/wp-json\/wp\/v2\/pages\/29612\/revisions\/29904"}],"wp:attachment":[{"href":"https:\/\/www.toprelais.ch\/de\/wp-json\/wp\/v2\/media?parent=29612"}],"curies":[{"name":"wp","href":"https:\/\/api.w.org\/{rel}","templated":true}]}}